{"id":250,"date":"2014-05-10T02:46:03","date_gmt":"2014-05-10T02:46:03","guid":{"rendered":"https:\/\/agefriendlyworld.local.org\/?page_id=250"},"modified":"2025-11-24T14:46:35","modified_gmt":"2025-11-24T14:46:35","slug":"network-affiliates","status":"publish","type":"page","link":"https:\/\/extranet.who.int\/agefriendlyworld\/network-affiliates\/","title":{"rendered":"Network Affiliates"},"content":{"rendered":"<p>Network Affiliates play an essential role in supporting the <strong>Global Network for Age-friendly Cities and Communities<\/strong> by promoting the creation of age-friendly environments and facilitating information exchange and learning between communities.<\/p>\n<h3>What are Network Affiliates?<\/h3>\n<p>Affiliates are national or regional\/state governments, civil society or research organizations, national or transnational city or community networks in WHO Member States that are working to promote age-friendly environments at the sub-national, regional, national or international level.<\/p>\n<p>Affiliates advocate for the work of the Global Network and within their respective spheres of influence, advance knowledge and action on age-friendly environments. They serve as catalysts at the sub-national, national, regional, and international levels by promoting the age-friendly cities and communities&#8217; approach.<\/p>\n<p>Many affiliates also provide guidance and support to cities and communities who wish to become more age-friendly in their local language, within their local policy context, and through local opportunities to meet face-to-face. Often times, aligned membership criteria allow those members of affiliated networks to be automatically eligible to join the WHO Global Network for Age-friendly Cities and Communities.<\/p>\n<p>The <a href=\"https:\/\/extranet.who.int\/agefriendlyworld\/network\/international-federation-on-ageing\/\"><u>International Federation on Ageing<\/u><\/a>, as a non-State actor in official relations with WHO, also provides direct support to the WHO Secretariat of the Global Network, building on their outstanding knowledge and expertise.<\/p>\n<h3>Who can Affiliate?<\/h3>\n<p>If you would like to find out more about how to become an Affiliate, please <a href=\"https:\/\/extranet.who.int\/agefriendlyworld\/contact-us\/\">contact us<\/a> for more information.<\/p>\n<h3>List of Network Affiliates<\/h3>\n<p><strong>Sub-national<\/strong><\/p>\n<ul>\n<li><a href=\"https:\/\/extranet.who.int\/agefriendlyworld\/network\/emirate-of-sharjah\/\">Emirate of Sharjah (United Arab Emirates)<\/a><\/li>\n<li><a href=\"https:\/\/extranet.who.int\/agefriendlyworld\/network\/gobierno-del-estado-de-nuevo-leon-mexico-iepam\/\">Gobierno del Estado de Nuevo Le\u00f3n, M\u00e9xico \u2013 IEPAM<\/a><\/li>\n<li><a href=\"https:\/\/extranet.who.int\/agefriendlyworld\/network\/government-of-queensland\/\">Government of Queensland (Australia)<\/a><\/li>\n<li><a href=\"https:\/\/extranet.who.int\/agefriendlyworld\/network\/government-of-western-australia\/\">Government of Western Australia (Australia)<\/a><\/li>\n<li><a href=\"https:\/\/extranet.who.int\/agefriendlyworld\/network\/governo-do-estado-do-parana\/\">Governo do Estado do Paran\u00e1 (Brazil)<\/a><\/li>\n<li><a href=\"https:\/\/extranet.who.int\/agefriendlyworld\/network\/governo-do-estado-do-rio-de-janeiro\/\">Governo do Estado do Rio de Janeiro (Brazil)<\/a><\/li>\n<li><a href=\"https:\/\/extranet.who.int\/agefriendlyworld\/network\/programa-jalisco-amigable-con-los-mayores-gobierno-de-jalisco\/\">Jalisco Amigable con los Mayores \u2013 Gobierno de Jalisco (Mexico)<\/a><\/li>\n<li><a href=\"https:\/\/extranet.who.int\/agefriendlyworld\/network\/kanagawa-prefectural-government\/\">Kanagawa Prefectural Government (Japan)<\/a><\/li>\n<li><a title=\"Municipalit\u00e9 amie des a\u00een\u00e9s \u2013 Qu\u00e9bec\" href=\"https:\/\/extranet.who.int\/agefriendlyworld\/network\/municipalite-amie-des-aines-quebec\/\">Municipalit\u00e9 Amie des A\u00een\u00e9s (MADA) (Qu\u00e9bec, Canada)<\/a><\/li>\n<\/ul>\n<p><strong>National<\/strong><\/p>\n<ul>\n<li><a title=\"AARP Network of Age-Friendly Communities\" href=\"https:\/\/extranet.who.int\/agefriendlyworld\/network\/aarp-network-of-age-friendly-communities-2\/\">AARP Network of Age-friendly Communities (USA)<\/a><\/li>\n<li><a title=\"Age Friendly Ireland\" href=\"https:\/\/extranet.who.int\/agefriendlyworld\/network\/age-friendly-ireland\/\">Age-friendly Ireland (Ireland)<\/a><\/li>\n<li><a href=\"https:\/\/www.ageing-better.org.uk\/age-friendly-communities\">Centre for Ageing Better (UK)<\/a> and the <a title=\"UK Network of Age-friendly Cities\" href=\"https:\/\/extranet.who.int\/agefriendlyworld\/network\/uk-network-of-age-friendly-communities\/\">UK Network of Age-friendly Communities (UK)<\/a><\/li>\n<li><a href=\"https:\/\/extranet.who.int\/agefriendlyworld\/network\/norwegian-national-network-of-age-friendly-municipalities-centre-for-an-age-friendly-norway\/\">Centre for an Age-friendly Norway \u2013 Norwegian National Network of Age-friendly Municipalities (Norway)<\/a><\/li>\n<li><a href=\"https:\/\/extranet.who.int\/agefriendlyworld\/network\/government-new-zealand\/\">Government of New Zealand<\/a><\/li>\n<li><a href=\"https:\/\/extranet.who.int\/agefriendlyworld\/network\/government-of-portugal-directorate-general-of-health\/\">Government of Portugal \u2013 Directorate-General of Health<\/a><\/li>\n<li><a href=\"https:\/\/extranet.who.int\/agefriendlyworld\/network\/government-of-singapore\/\">Government of Singapore<\/a><\/li>\n<li><a href=\"https:\/\/extranet.who.int\/agefriendlyworld\/network\/national-institute-social-services-retirees-pensioners\/\">National Institute of Social Services for Retirees and Pensioners (Argentina)<\/a><\/li>\n<li><a href=\"https:\/\/extranet.who.int\/agefriendlyworld\/network\/older-peoples-commissioner-for-wales\/\">Older People&#8217;s Commissioner for Wales (UK)<\/a><\/li>\n<li><a title=\"Pan-Canadian Age-Friendly Communities Initiative\" href=\"https:\/\/extranet.who.int\/agefriendlyworld\/network\/pan-canadian-age-friendly-communities-initiative\/\" target=\"_blank\" rel=\"noopener noreferrer\">Pan-Canadian Age-friendly Communities Initiative (Canada)<\/a><\/li>\n<li><a href=\"https:\/\/extranet.who.int\/agefriendlyworld\/network\/servicio-nacional-del-adulto-mayor-senama\/\">Servicio Nacional del Adulto Mayor (SENAMA) (Chile)<\/a><\/li>\n<li><a href=\"https:\/\/extranet.who.int\/agefriendlyworld\/network\/slovenian-network-of-age-friendly-cities-and-communities\/\">Slovene Network of Age-friendly Cities and Communities (Slovenia)<\/a><\/li>\n<li><a title=\"Spanish National Programme on Age-friendly Cities\" href=\"https:\/\/extranet.who.int\/agefriendlyworld\/network\/spanish-national-programme-on-age-friendly-cities\/\">Spanish National Programme on Age-friendly Cities (Spain)<\/a><\/li>\n<\/ul>\n<p><strong>Regional<\/strong><\/p>\n<ul>\n<li><a title=\"AGE Platform Europe\" href=\"https:\/\/extranet.who.int\/agefriendlyworld\/network\/age-platform-europe\/\" target=\"_blank\" rel=\"noopener noreferrer\">AGE Platform Europe<\/a><\/li>\n<\/ul>\n<p><strong>International<\/strong><\/p>\n<ul>\n<li><a href=\"https:\/\/extranet.who.int\/agefriendlyworld\/network\/helpage-international\/\">HelpAge International<\/a><\/li>\n<li><a title=\"International Federation on Ageing\" href=\"https:\/\/extranet.who.int\/agefriendlyworld\/network\/international-federation-on-ageing\/\">International Federation on Ageing<\/a><\/li>\n<li><a href=\"https:\/\/extranet.who.int\/agefriendlyworld\/network\/international-longevity-centre-global-alliance\/\">International Longevity Centre Global Alliance<\/a><\/li>\n<li><a title=\"R\u00e9seau Francophone des Villes-amies des A\u00een\u00e9s\" href=\"https:\/\/extranet.who.int\/agefriendlyworld\/network\/reseau-francophone-des-villes-amies-des-aines\/\">R\u00e9seau francophone des villes amies des a\u00een\u00e9s<\/a><\/li>\n<\/ul>\n","protected":false},"excerpt":{"rendered":"<p>Network Affiliates play an essential role in supporting the Global Network for Age-friendly Cities and Communities by promoting the creation of age-friendly environments and facilitating information exchange and learning between communities.<\/p>\n<p>What are Network Affiliates?<\/p>\n<p>Affiliates are national or regional\/state governments, civil society or research organizations, national or transnational city or community networks in WHO Member States that are working to promote age-friendly environments at the sub-national, regional, national or international level.<\/p>\n<p>Affiliates advocate for the work of the Global Network and within their respective spheres of influence, advance knowledge and action on age-friendly environments. They serve as catalysts at the sub-national, national, regional, and international levels by promoting the age-friendly cities and communities&#8217; approach.<\/p>\n<p>Many affiliates also provide guidance and support to cities and communities who wish to become more age-friendly in their local language, within their local policy context, and through local opportunities to meet face-to-face. Often times, aligned membership criteria allow those members of affiliated networks to be automatically eligible to join the WHO Global Network for Age-friendly Cities and Communities.<\/p>\n<p>The <a href=\"https:\/\/extranet.who.int\/agefriendlyworld\/network\/international-federation-on-ageing\/\">International Federation on Ageing<\/a>, as a non-State actor in official relations with WHO, also provides direct support to the WHO Secretariat of the Global Network, building on their outstanding knowledge and expertise.<\/p>\n<p>Who can Affiliate?<\/p>\n<p>If you would like to find out more about how to become an Affiliate, please <a href=\"https:\/\/extranet.who.int\/agefriendlyworld\/contact-us\/\">contact us<\/a> for more information.<\/p>\n<p>List of Network Affiliates<\/p>\n<p>Sub-national<\/p>\n<ul>\n<li><a href=\"https:\/\/extranet.who.int\/agefriendlyworld\/network\/emirate-of-sharjah\/\">Emirate of Sharjah (United Arab Emirates)<\/a><\/li>\n<li><a href=\"https:\/\/extranet.who.int\/agefriendlyworld\/network\/gobierno-del-estado-de-nuevo-leon-mexico-iepam\/\">Gobierno del Estado de Nuevo Le\u00f3n, M\u00e9xico \u2013 IEPAM<\/a><\/li>\n<li><a href=\"https:\/\/extranet.who.int\/agefriendlyworld\/network\/government-of-queensland\/\">Government of Queensland (Australia)<\/a><\/li>\n<li><a href=\"https:\/\/extranet.who.int\/agefriendlyworld\/network\/government-of-western-australia\/\">Government of Western Australia (Australia)<\/a><\/li>\n<li><a href=\"https:\/\/extranet.who.int\/agefriendlyworld\/network\/governo-do-estado-do-parana\/\">Governo do Estado do Paran\u00e1 (Brazil)<\/a><\/li>\n<li><a href=\"https:\/\/extranet.who.int\/agefriendlyworld\/network\/governo-do-estado-do-rio-de-janeiro\/\">Governo do Estado do Rio de Janeiro (Brazil)<\/a><\/li>\n<li><a href=\"https:\/\/extranet.who.int\/agefriendlyworld\/network\/programa-jalisco-amigable-con-los-mayores-gobierno-de-jalisco\/\">Jalisco Amigable con los Mayores \u2013 Gobierno de Jalisco (Mexico)<\/a><\/li>\n<li><a href=\"https:\/\/extranet.who.int\/agefriendlyworld\/network\/kanagawa-prefectural-government\/\">Kanagawa Prefectural Government (Japan)<\/a><\/li>\n<li><a title=\"Municipalit\u00e9 amie des a\u00een\u00e9s \u2013 Qu\u00e9bec\" href=\"https:\/\/extranet.who.int\/agefriendlyworld\/network\/municipalite-amie-des-aines-quebec\/\">Municipalit\u00e9 Amie des A\u00een\u00e9s (MADA) (Qu\u00e9bec,<\/a><\/li>\n<\/ul>\n","protected":false},"author":97,"featured_media":0,"parent":0,"menu_order":0,"comment_status":"closed","ping_status":"closed","template":"","meta":{"_bbp_topic_count":0,"_bbp_reply_count":0,"_bbp_total_topic_count":0,"_bbp_total_reply_count":0,"_bbp_voice_count":0,"_bbp_anonymous_reply_count":0,"_bbp_topic_count_hidden":0,"_bbp_reply_count_hidden":0,"_bbp_forum_subforum_count":0},"acf":[],"_links":{"self":[{"href":"https:\/\/extranet.who.int\/agefriendlyworld\/wp-json\/wp\/v2\/pages\/250"}],"collection":[{"href":"https:\/\/extranet.who.int\/agefriendlyworld\/wp-json\/wp\/v2\/pages"}],"about":[{"href":"https:\/\/extranet.who.int\/agefriendlyworld\/wp-json\/wp\/v2\/types\/page"}],"author":[{"embeddable":true,"href":"https:\/\/extranet.who.int\/agefriendlyworld\/wp-json\/wp\/v2\/users\/97"}],"replies":[{"embeddable":true,"href":"https:\/\/extranet.who.int\/agefriendlyworld\/wp-json\/wp\/v2\/comments?post=250"}],"version-history":[{"count":70,"href":"https:\/\/extranet.who.int\/agefriendlyworld\/wp-json\/wp\/v2\/pages\/250\/revisions"}],"predecessor-version":[{"id":46077,"href":"https:\/\/extranet.who.int\/agefriendlyworld\/wp-json\/wp\/v2\/pages\/250\/revisions\/46077"}],"wp:attachment":[{"href":"https:\/\/extranet.who.int\/agefriendlyworld\/wp-json\/wp\/v2\/media?parent=250"}],"curies":[{"name":"wp","href":"https:\/\/api.w.org\/{rel}","templated":true}]}}